{"id":11705,"date":"2025-11-28T08:25:42","date_gmt":"2025-11-28T07:25:42","guid":{"rendered":"https:\/\/cottonhill.dk\/gymhelsinge\/?post_type=product&#038;p=11705"},"modified":"2026-03-13T21:02:53","modified_gmt":"2026-03-13T20:02:53","slug":"gymhelsinge-craft-ss-tee-dame-2","status":"publish","type":"product","link":"https:\/\/cottonhill.dk\/gymhelsinge\/shop\/admin\/craft-admin\/gymhelsinge-craft-ss-tee-dame-2\/","title":{"rendered":"GymHelsinge CRAFT SS Tee Dame"},"content":{"rendered":"<p>Tryk: Bl\u00e5 logo p\u00e5 venstre bryst<\/p>\n<p>Collective Tee er en us\u00e6dvanlig bl\u00f8d tr\u00e6nings-t-shirt med et tidl\u00f8st design, der kan bruges til b\u00e5de tr\u00e6ning og hverdag \u2013 og sikrer, at du forbliver komfortabel og stilfuld hele dagen.<\/p>\n<p>Denne alsidige tr\u00e6nings-t-shirt er designet til ultimativ komfort og er fremstillet af en str\u00e6kbar polyesterblanding med en dunet overflade, der giver en luksuri\u00f8s bl\u00f8d fornemmelse og fremragende regulering af kropstemperatur. Tr\u00f8jen har ogs\u00e5 raglan\u00e6rmer og en afrundet bund, hvilket giver en feminin silhuet, og der er uds\u00f8gt h\u00e5ndv\u00e6rk i hver detalje.<\/p>\n<p>\u2022 Utrolig bl\u00f8dt, str\u00e6kbart stof fremstillet af genanvendt polyester og elastan<br \/>\n\u2022 Ferskenfarvet overflade<br \/>\n\u2022 Raglan\u00e6rmer<br \/>\n\u2022 Afrundet nederst<br \/>\n\u2022 Normal pasform<\/p>\n","protected":false},"excerpt":{"rendered":"<p>Tryk: Bl\u00e5 logo p\u00e5 venstre bryst Collective Tee er en us\u00e6dvanlig bl\u00f8d tr\u00e6nings-t-shirt med et tidl\u00f8st design, der kan bruges til b\u00e5de tr\u00e6ning og hverdag \u2013 og sikrer, at du forbliver komfortabel og stilfuld hele dagen. Denne alsidige tr\u00e6nings-t-shirt er designet til ultimativ komfort og er fremstillet af en str\u00e6kbar polyesterblanding med en dunet overflade, [&hellip;]<\/p>\n","protected":false},"featured_media":12269,"template":"","meta":{"_acf_changed":false},"product_brand":[],"product_cat":[284,286,279,301],"product_tag":[],"class_list":{"0":"post-11705","1":"product","2":"type-product","3":"status-publish","4":"has-post-thumbnail","6":"product_cat-admin","7":"product_cat-craft-admin","8":"product_cat-kollektion","9":"product_cat-voksen-toej","11":"first","12":"instock","13":"taxable","14":"shipping-taxable","15":"purchasable","16":"product-type-variable"},"exclude_global_add_ons":[],"addons":[],"acf":[],"_links":{"self":[{"href":"https:\/\/cottonhill.dk\/gymhelsinge\/wp-json\/wp\/v2\/product\/11705","targetHints":{"allow":["GET"]}}],"collection":[{"href":"https:\/\/cottonhill.dk\/gymhelsinge\/wp-json\/wp\/v2\/product"}],"about":[{"href":"https:\/\/cottonhill.dk\/gymhelsinge\/wp-json\/wp\/v2\/types\/product"}],"wp:featuredmedia":[{"embeddable":true,"href":"https:\/\/cottonhill.dk\/gymhelsinge\/wp-json\/wp\/v2\/media\/12269"}],"wp:attachment":[{"href":"https:\/\/cottonhill.dk\/gymhelsinge\/wp-json\/wp\/v2\/media?parent=11705"}],"wp:term":[{"taxonomy":"product_brand","embeddable":true,"href":"https:\/\/cottonhill.dk\/gymhelsinge\/wp-json\/wp\/v2\/product_brand?post=11705"},{"taxonomy":"product_cat","embeddable":true,"href":"https:\/\/cottonhill.dk\/gymhelsinge\/wp-json\/wp\/v2\/product_cat?post=11705"},{"taxonomy":"product_tag","embeddable":true,"href":"https:\/\/cottonhill.dk\/gymhelsinge\/wp-json\/wp\/v2\/product_tag?post=11705"}],"curies":[{"name":"wp","href":"https:\/\/api.w.org\/{rel}","templated":true}]}}