{"id":12386,"date":"2026-04-08T13:13:36","date_gmt":"2026-04-08T12:13:36","guid":{"rendered":"https:\/\/cottonhill.dk\/gymhelsinge\/?page_id=12386"},"modified":"2026-04-08T13:13:36","modified_gmt":"2026-04-08T12:13:36","slug":"handelsbetingelser","status":"publish","type":"page","link":"https:\/\/cottonhill.dk\/gymhelsinge\/handelsbetingelser\/","title":{"rendered":"Handelsbetingelser"},"content":{"rendered":"<div class=\"uk-margin-medium\">\n<div id=\"html-content-fld_8438690_1\" class=\"\" data-field=\"fld_8438690_1\">\n<h1>Handelsbetingelser for GymHelsinge<\/h1>\n<p><b>GymHelsinge<\/b><br \/>\nIdr\u00e6tsvej 21<br \/>\n3200 Helsinge<br \/>\nTLF: <a href=\"tel:+4528436600\">+4528436600<\/a><br \/>\nCVR: 30366743<br \/>\nEmail: <a class=\"ms-outlook-linkify\" href=\"mailto:tina@gymhelsinge.dk\">tina@gymhelsinge.dk<\/a><\/p>\n<\/div>\n<p>Webshoppen drives af Redhill Design &amp; Print A\/S p\u00e5 vegne af GymHelsinge<\/p>\n<p><strong>Redhill Design &amp; Print A\/S<\/strong><br \/>\nHuginsvej 6E<br \/>\n3400 Hiller\u00f8d<br \/>\nTLF: +4548260249<br \/>\nCVR: 15825030<\/p>\n<div id=\"html-content-fld_1802850_1\" class=\"\" data-field=\"fld_1802850_1\">\n<h2>Betaling<\/h2>\n<p>GymHelsinge modtager online betalinger med Dankort, Visa\/Dankort, Visa, Mastercard, Mobilepay Online, Visa Electron, ApplePay.<\/p>\n<p>Betaling vil f\u00f8rst blive trukket p\u00e5 din konto, n\u00e5r den fysiske vare afsendes eller det virtuelle produkt er oprettet med mindre andet er aftalt eller fremg\u00e5r af din ordre.<\/p>\n<\/div>\n<div id=\"html-content-fld_1492393_1\" class=\"\" data-field=\"fld_1492393_1\">\n<p>Alle bel\u00f8b p\u00e5 hjemmesiden er inklusiv moms.<br \/>\nHjemmesiden bruger f\u00f8lgende valutaer til priss\u00e6tning:<br \/>\nDenmark \u2013 Kroner (DKK)<\/p>\n<p>GymHelsinge benytter en sikker betalingsserver, der krypterer alle oplysninger med SSL protokol hvilket betyder din data er sikker og ikke kan l\u00e6ses af andre udefrakommende.<\/p>\n<\/div>\n<div id=\"html-content-fld_6567938_1\" class=\"\" data-field=\"fld_6567938_1\">\n<p>GymHelsinge\u2019s egen hjemmeside bruger ligeledes kryptering med SSL protokol.<\/p>\n<\/div>\n<div id=\"html-content-fld_4857870_1\" class=\"\" data-field=\"fld_4857870_1\">\n<h2>Levering<\/h2>\n<p>Leveringstiden for din ordre er 5-10 dage.<\/p>\n<\/div>\n<div id=\"html-content-fld_2354429_1\" class=\"\" data-field=\"fld_2354429_1\">\n<p>Redhill Design &amp; Print A\/S afsender varer med f\u00f8lgende: GLS \u2013 Privat, GLS \u2013 Pakkeshop<\/p>\n<p>Fragten bliver beregnet ud fra v\u00e6gt.<\/p>\n<p>Du vil kunne v\u00e6lge i mellem at f\u00e5 pakken sendt \u201cuden omdeling\u201d eller \u201cmed omdeling\u201d.<\/p>\n<p>Du vil altid modtage et track and trace nr. s\u00e5 du kan f\u00f8lge din pakke, fra vores lager og hjem til dig.<\/p>\n<\/div>\n<div class=\"\">\n<h2>Fortrydelsesret<\/h2>\n<\/div>\n<div id=\"html-content-fld_7676239_1\" class=\"\" data-field=\"fld_7676239_1\">\n<p>Der gives 14 dages fuld returret p\u00e5 varer k\u00f8bt p\u00e5 hjemmesiden med mindre andet er aftalt eller fremg\u00e5r af din ordre.<\/p>\n<p>Den 14 dags periode starter den dag hvor ordren er leveret.<\/p>\n<p>Eventuelle returneringsomkostninger afholder du selv.<\/p>\n<p>\u00d8nske om fortrydelse skal meddeles os senest 14 efter leveringen og v\u00e6re os i h\u00e6nde seneste 14 dage efter vi er informeret om dit brug af fortrydelsesretten.<\/p>\n<p>\u00d8nske om brug af fortrydelsesret skal gives sendes p\u00e5 mail til <a href=\"mailto:profil@redhill.dk\">profil@redhill.dk<\/a> og <a class=\"ms-outlook-linkify\" href=\"mailto:tina@gymhelsinge.dk\">tina@gymhelsinge.dk<\/a>. I meddelelsen skal der g\u00f8res tydeligt opm\u00e6rksom p\u00e5 dit \u00f8nske om brugen af fortrydelsesret.<\/p>\n<\/div>\n<div id=\"html-content-fld_3574800_1\" class=\"\" data-field=\"fld_3574800_1\">\n<h2>Varens stand ved returnering<\/h2>\n<p>Du h\u00e6fter for den forringelse af varens v\u00e6rdi, som skyldes anden h\u00e5ndtering, end hvad der er n\u00f8dvendigt for at fastsl\u00e5 varens art, egenskaber og funktion. Dette betyder at du m\u00e5 pr\u00f8ve varen p\u00e5 samme m\u00e5de som hvis du handlede i en fysisk butik.<\/p>\n<p>Hvis varen er pr\u00f8vet udover, hvad der er beskrevet ovenfor, betragtes den som brugt og af forringet v\u00e6rdi. Dette betyder, at du ved fortrydelse af k\u00f8bet f\u00e5r en mindre del eller intet af k\u00f8bsbel\u00f8bet retur. Det er op til Redhill Design &amp; Print A\/S at vurdere varens stand.<\/p>\n<\/div>\n<div id=\"html-content-fld_8807717_1\" class=\"\" data-field=\"fld_8807717_1\">\n<h2>Reklamationsret<\/h2>\n<p>Der gives 2 \u00e5rs reklamationsret p\u00e5 produkter i henhold til den danske k\u00f8belov. Reklamationsretten g\u00e6lder for alle fejl i software, materiale og fabrikation.<\/p>\n<p>Reklamation vedr. fejl og mangler skal meddeles til Redhill Design &amp; Print A\/S i rimelig tid efter varens modtagelse.\u00a0\u2028Her anses max. to m\u00e5neder som rimelig tid, med mindre andet er aftalt.\u2028Vi refunderer rimelige fragtomkostninger.<\/p>\n<p>Reklamationen frafalder ved forkert eller ualmindelig betjening af produktet.<\/p>\n<p>Redhill Design &amp; Print A\/S d\u00e6kker returneringsomkostningerne i rimeligt omfang.<\/p>\n<p>Ved returnering kontaktes virksomheden:<\/p>\n<p><b>Redhill Design &amp; Print A\/S<\/b><br \/>\nHuginsvej 6E<br \/>\n3400 Hiller\u00f8d<\/p>\n<p>TLF:\u00a0<a href=\"tel:+4548260249\">+4548260249<\/a><\/p>\n<p>Reklamationer modtages\u00a0<b>ikke<\/b>\u00a0hvis disse er sendt p\u00e5 efterkrav.<\/p>\n<\/div>\n<div id=\"html-content-fld_6639082_1\" class=\"\" data-field=\"fld_6639082_1\">\n<h2>Kunde- &amp; Privatlivspolitik<\/h2>\n<p>Vi videres\u00e6lger ikke personlige oplysninger og videregiver ikke dine personlige oplysninger til andre, de er kun registreret i vores kundekartotek. Du kan til enhver tid f\u00e5 slettet dine oplysninger.<\/p>\n<p>For at du kan indg\u00e5 aftale med Redhill Design &amp; Print A\/S, har vi brug for f\u00f8lgende oplysninger:<br \/>\n. Navn<br \/>\n. Adresse<br \/>\n. Telefonnummer<br \/>\n. E-mail adresse<\/p>\n<p>Vi foretager registreringen af dine personoplysninger med det form\u00e5l, at kunne levere varen til dig.<\/p>\n<p>Personoplysningerne registreres hos Redhill Design &amp; Print A\/S og opbevares i op til fem \u00e5r, hvorefter oplysningerne slettes.<\/p>\n<p>N\u00e5r der indsamles personoplysninger via vores hjemmeside, sikrer vi, at det altid sker ved afgivelse af dit udtrykkelige samtykke, s\u00e5ledes at du er informeret om pr\u00e6cis, hvilke oplysninger, der indsamles og hvorfor.<\/p>\n<p>Direkt\u00f8ren og de ansatte for Redhill Design &amp; Print A\/S har adgang til de oplysninger, der registreres om dig.<\/p>\n<p>Den dataansvarlige i Redhill Design &amp; Print A\/S er: Steen Hansen<\/p>\n<p>Vi opbevarer og transmitterer ikke kundeoplysninger krypteret.<\/p>\n<p>Som registreret hos Redhill Design &amp; Print A\/S har du altid ret til at g\u00f8re indsigelse mod registreringen. Du har ogs\u00e5 ret til indsigt i, hvilke oplysninger, der er registreret om dig. Disse rettigheder har du efter Persondataloven og henvendelse i forbindelse hermed rettes til\u00a0<a href=\"mailto:kontakt@redhill.dk\">kontakt@redhill.dk<\/a>.<\/p>\n<p><b>Cookies<\/b><br \/>\nP\u00e5 https:\/\/cottonhill.dk\/egeskolen anvendes cookies med det form\u00e5l at optimere hjemmesiden og dets funktionalitet, og dermed g\u00f8re bes\u00f8get s\u00e5 nemt som muligt for dig.<\/p>\n<p>Du kan til enhver tid slette cookies fra din computer, se vejledningen p\u00e5\u00a0<a href=\"https:\/\/www.thagaard.org\/cookiehandtering\/\" target=\"_BLANK\" rel=\"noopener\">Webshop Cookies og Privatlivspolitik<\/a>.<\/p>\n<\/div>\n<div class=\"\">\n<h2>Forbrugerbeskyttelse<\/h2>\n<p>L\u00e6s mere om din beskyttelse som forbruger n\u00e5r du k\u00f8ber via en PensoPay betalingsl\u00f8sning:<br \/>\n<a href=\"https:\/\/pensopay.com\/mere\/forbrugerbeskyttelse\/\">https:\/\/pensopay.com\/mere\/forbrugerbeskyttelse\/<\/a><\/p>\n<\/div>\n<div id=\"html-content-fld_435663_1\" class=\"\" data-field=\"fld_435663_1\">\n<h2>Klagemuligheder<\/h2>\n<p>Klager over produkter kan sendes til:<\/p>\n<p><b>Konkurrence- og Forbrugerstyrelsens<\/b><br \/>\nCarl Jacobsens Vej 35<br \/>\n2500 Valby<br \/>\n<a href=\"http:\/\/www.forbrug.dk\/\">www.forbrug.dk<\/a><\/p>\n<p>For EU-borgere uden for EU skal klager sendes via EU Kommissionens online klageplatform.<br \/>\n<a href=\"http:\/\/ec.europa.eu\/consumers\/odr\/\">ec.europa.eu<\/a><\/p>\n<p>Ved klage skal vores email adresse angives: kontakt@redhill.dk samt hjemmesiden du har k\u00f8bt varen p\u00e5.<\/p>\n<\/div>\n<\/div>\n","protected":false},"excerpt":{"rendered":"<p>Handelsbetingelser for GymHelsinge GymHelsinge Idr\u00e6tsvej 21 3200 Helsinge TLF: +4528436600 CVR: 30366743 Email: tina@gymhelsinge.dk Webshoppen drives af Redhill Design &amp; Print A\/S p\u00e5 vegne af GymHelsinge Redhill Design &amp; Print A\/S Huginsvej 6E 3400 Hiller\u00f8d TLF: +4548260249 CVR: 15825030 Betaling GymHelsinge modtager online betalinger med Dankort, Visa\/Dankort, Visa, Mastercard, Mobilepay Online, Visa Electron, ApplePay. Betaling [&hellip;]<\/p>\n","protected":false},"author":1,"featured_media":0,"parent":0,"menu_order":0,"comment_status":"closed","ping_status":"closed","template":"","meta":{"_acf_changed":false,"footnotes":""},"class_list":["post-12386","page","type-page","status-publish","hentry"],"acf":[],"_links":{"self":[{"href":"https:\/\/cottonhill.dk\/gymhelsinge\/wp-json\/wp\/v2\/pages\/12386","targetHints":{"allow":["GET"]}}],"collection":[{"href":"https:\/\/cottonhill.dk\/gymhelsinge\/wp-json\/wp\/v2\/pages"}],"about":[{"href":"https:\/\/cottonhill.dk\/gymhelsinge\/wp-json\/wp\/v2\/types\/page"}],"author":[{"embeddable":true,"href":"https:\/\/cottonhill.dk\/gymhelsinge\/wp-json\/wp\/v2\/users\/1"}],"replies":[{"embeddable":true,"href":"https:\/\/cottonhill.dk\/gymhelsinge\/wp-json\/wp\/v2\/comments?post=12386"}],"version-history":[{"count":1,"href":"https:\/\/cottonhill.dk\/gymhelsinge\/wp-json\/wp\/v2\/pages\/12386\/revisions"}],"predecessor-version":[{"id":12387,"href":"https:\/\/cottonhill.dk\/gymhelsinge\/wp-json\/wp\/v2\/pages\/12386\/revisions\/12387"}],"wp:attachment":[{"href":"https:\/\/cottonhill.dk\/gymhelsinge\/wp-json\/wp\/v2\/media?parent=12386"}],"curies":[{"name":"wp","href":"https:\/\/api.w.org\/{rel}","templated":true}]}}