{"id":16118,"date":"2025-11-27T07:37:48","date_gmt":"2025-11-27T06:37:48","guid":{"rendered":"https:\/\/cottonhill.dk\/egeskolen\/?post_type=product&#038;p=16118"},"modified":"2025-11-27T07:47:48","modified_gmt":"2025-11-27T06:47:48","slug":"klassisk-sweatpant-unisex","status":"publish","type":"product","link":"https:\/\/cottonhill.dk\/egeskolen\/shop\/hoodie-sweatpants\/klassisk-sweatpant-unisex\/","title":{"rendered":"Klassisk Sweatpant Unisex"},"content":{"rendered":"<p>TRYK<br \/>\nLille logo p\u00e5 venstre side (hvid trykfarve)<\/p>\n<p>70% Bomuld \/ 25% Polyester \/ 5% Viskose, 290 g\/m\u00b2 &#8211; Regular Pasform<\/p>\n<p>Klassisk sweatpants i bl\u00f8d kvalitet med b\u00f8rstet inderside. Elastik i linning med indvendige sn\u00f8rer, samt elastik ved foden. Sidelommer.<\/p>\n","protected":false},"excerpt":{"rendered":"<p>Klassisk Joggingbuks &#8211; Unisex<\/p>\n","protected":false},"featured_media":13601,"template":"","meta":{"_acf_changed":false},"product_brand":[],"product_cat":[194],"product_tag":[],"class_list":{"0":"post-16118","1":"product","2":"type-product","3":"status-publish","4":"has-post-thumbnail","6":"product_cat-hoodie-sweatpants","8":"first","9":"instock","10":"taxable","11":"shipping-taxable","12":"purchasable","13":"product-type-variable"},"exclude_global_add_ons":[],"addons":[],"acf":[],"_links":{"self":[{"href":"https:\/\/cottonhill.dk\/egeskolen\/wp-json\/wp\/v2\/product\/16118","targetHints":{"allow":["GET"]}}],"collection":[{"href":"https:\/\/cottonhill.dk\/egeskolen\/wp-json\/wp\/v2\/product"}],"about":[{"href":"https:\/\/cottonhill.dk\/egeskolen\/wp-json\/wp\/v2\/types\/product"}],"wp:featuredmedia":[{"embeddable":true,"href":"https:\/\/cottonhill.dk\/egeskolen\/wp-json\/wp\/v2\/media\/13601"}],"wp:attachment":[{"href":"https:\/\/cottonhill.dk\/egeskolen\/wp-json\/wp\/v2\/media?parent=16118"}],"wp:term":[{"taxonomy":"product_brand","embeddable":true,"href":"https:\/\/cottonhill.dk\/egeskolen\/wp-json\/wp\/v2\/product_brand?post=16118"},{"taxonomy":"product_cat","embeddable":true,"href":"https:\/\/cottonhill.dk\/egeskolen\/wp-json\/wp\/v2\/product_cat?post=16118"},{"taxonomy":"product_tag","embeddable":true,"href":"https:\/\/cottonhill.dk\/egeskolen\/wp-json\/wp\/v2\/product_tag?post=16118"}],"curies":[{"name":"wp","href":"https:\/\/api.w.org\/{rel}","templated":true}]}}