{"id":14498,"date":"2025-11-27T07:19:00","date_gmt":"2025-11-27T06:19:00","guid":{"rendered":"https:\/\/cottonhill.dk\/egeskolen\/?post_type=product&#038;p=14498"},"modified":"2025-11-27T07:22:27","modified_gmt":"2025-11-27T06:22:27","slug":"full-zip-hoodie","status":"publish","type":"product","link":"https:\/\/cottonhill.dk\/egeskolen\/shop\/hoodie-sweatpants\/full-zip-hoodie\/","title":{"rendered":"Full zip hoodie"},"content":{"rendered":"<p>TRYK<br \/>\nLille logo og evt. navn p\u00e5 venstre bryst samt stort tryk p\u00e5 ryg (hvid trykfarve)<\/p>\n<p>60% Bomuld \/ 40% Polyester, 300 g\/m\u00b2 &#8211; Regular Pasform<\/p>\n<p>Klassisk h\u00e6ttecardigan med k\u00e6ngurulomme i ny og opdateret pasform. High-cut halsafslutning og gennemg\u00e5ende lynl\u00e5s. Sn\u00f8re i h\u00e6tte og rib ved \u00e6rme og bund. Kraftig kvalitet. Bl\u00f8d, b\u00f8rstet inderside.<\/p>\n","protected":false},"excerpt":{"rendered":"<p>Klassisk h\u00e6ttecardigan med lommer<\/p>\n","protected":false},"featured_media":13375,"template":"","meta":{"_acf_changed":false},"product_brand":[],"product_cat":[194],"product_tag":[],"class_list":{"0":"post-14498","1":"product","2":"type-product","3":"status-publish","4":"has-post-thumbnail","6":"product_cat-hoodie-sweatpants","8":"first","9":"instock","10":"sale","11":"taxable","12":"shipping-taxable","13":"purchasable","14":"product-type-variable"},"exclude_global_add_ons":false,"addons":[{"name":"Navn p\u00e5 t\u00f8j","type":"custom_text","position":0,"required":false,"title_format":"label","default":"","description_enable":true,"description":"Max 25 tegn, ikke p\u00e5kr\u00e6vet","placeholder_enable":false,"placeholder":"","display":"select","restrictions_type":"any_text","adjust_price":false,"price":"","price_type":"flat_fee","restrictions":true,"min":"0","max":"25","options":[],"id":1673874808}],"acf":[],"_links":{"self":[{"href":"https:\/\/cottonhill.dk\/egeskolen\/wp-json\/wp\/v2\/product\/14498","targetHints":{"allow":["GET"]}}],"collection":[{"href":"https:\/\/cottonhill.dk\/egeskolen\/wp-json\/wp\/v2\/product"}],"about":[{"href":"https:\/\/cottonhill.dk\/egeskolen\/wp-json\/wp\/v2\/types\/product"}],"wp:featuredmedia":[{"embeddable":true,"href":"https:\/\/cottonhill.dk\/egeskolen\/wp-json\/wp\/v2\/media\/13375"}],"wp:attachment":[{"href":"https:\/\/cottonhill.dk\/egeskolen\/wp-json\/wp\/v2\/media?parent=14498"}],"wp:term":[{"taxonomy":"product_brand","embeddable":true,"href":"https:\/\/cottonhill.dk\/egeskolen\/wp-json\/wp\/v2\/product_brand?post=14498"},{"taxonomy":"product_cat","embeddable":true,"href":"https:\/\/cottonhill.dk\/egeskolen\/wp-json\/wp\/v2\/product_cat?post=14498"},{"taxonomy":"product_tag","embeddable":true,"href":"https:\/\/cottonhill.dk\/egeskolen\/wp-json\/wp\/v2\/product_tag?post=14498"}],"curies":[{"name":"wp","href":"https:\/\/api.w.org\/{rel}","templated":true}]}}